{"id":5233,"date":"2017-03-22T19:30:25","date_gmt":"2017-03-22T19:30:25","guid":{"rendered":"https:\/\/www.ilededjerba.tn\/?page_id=5233"},"modified":"2017-03-22T19:30:25","modified_gmt":"2017-03-22T19:30:25","slug":"comment-prendre-le-bus","status":"publish","type":"page","link":"https:\/\/www.ilededjerba.tn\/ar\/vie-pratique-services\/deplacements\/transports-collectifs\/comment-prendre-le-bus\/","title":{"rendered":"Comment prendre le bus"},"content":{"rendered":"<table border=\"0\" cellspacing=\"0\">\n<tbody>\n<tr>\n<td align=\"center\" valign=\"bottom\" height=\"31\"><b><span style=\"color: #000000; font-size: x-large;\">Comment prendre le bus ?<\/span><\/b><\/td>\n<\/tr>\n<tr>\n<td align=\"left\" valign=\"bottom\" height=\"20\"><span style=\"color: #000000;\">\u00a0<\/span><\/td>\n<\/tr>\n<tr>\n<td align=\"left\" valign=\"bottom\" height=\"20\"><span style=\"color: #000000;\">\u00a0<\/span><\/td>\n<\/tr>\n<tr>\n<td align=\"center\" valign=\"bottom\" height=\"56\"><span style=\"color: #000000; font-size: large;\">Voyager en bus, c\u2019est tr\u00e8s simple !<br \/>\nLa SRTM dessert les 3 communes de l&#8217;ile de Djerba<\/span><\/td>\n<\/tr>\n<tr>\n<td align=\"left\" valign=\"bottom\" height=\"20\"><span style=\"color: #000000;\">\u00a0<\/span><\/td>\n<\/tr>\n<tr>\n<td align=\"left\" valign=\"bottom\" height=\"20\"><span style=\"color: #000000;\">\u00a0<\/span><\/td>\n<\/tr>\n<tr>\n<td align=\"left\" valign=\"bottom\" height=\"125\"><span style=\"color: #000000; font-size: large;\">Voici 4 CONSEILS pour voyager sereinement<br \/>\n\u278a Pr\u00e9parez votre voyage<br \/>\n\u25cf Gr\u00e2ce au Guide Horaires, au Plan du R\u00e9seau, vous pouvez pr\u00e9parer votre itin\u00e9raire tranquillement et savoir en quelques clics \u00e0 quelle heure passe votre bus, au lieu et \u00e0 la date choisis.<\/span><\/td>\n<\/tr>\n<tr>\n<td align=\"left\" valign=\"bottom\" height=\"25\"><span style=\"color: #000000; font-size: large;\">\u00a0<\/span><\/td>\n<\/tr>\n<tr>\n<td align=\"center\" valign=\"bottom\" bgcolor=\"#FF0000\" height=\"75\"><b><span style=\"color: #ffffff; font-size: large;\">* Attention : les horaires sont donn\u00e9s \u00e0 titre indicatif et susceptibles de d\u00e9calage. Soyez assur\u00e9s que vos conducteurs s\u2019efforcent de respecter les horaires pr\u00e9vus. Cependant, nous vous conseillons de venir xxx minutes avant l\u2019horaire de passage indiqu\u00e9.<\/span><\/b><\/td>\n<\/tr>\n<tr>\n<td align=\"left\" valign=\"bottom\" height=\"25\"><span style=\"color: #000000; font-size: large;\">\u00a0<\/span><\/td>\n<\/tr>\n<tr>\n<td align=\"left\" valign=\"bottom\" height=\"300\"><span style=\"color: #000000; font-size: large;\">\u278b Placez-vous \u00e0 l\u2019arr\u00eat<br \/>\n\u25cf Assurez-vous auparavant d\u2019\u00eatre dans le bon sens, en v\u00e9rifiant la direction indiqu\u00e9e sur le point d\u2019arr\u00eat.<br \/>\n\u25cf Certains arr\u00eats vont \u00eatre \u00e9quip\u00e9s de borne d\u2019information voyageurs pour vous renseigner sur l\u2019heure de passage de votre bus.<br \/>\n\u278c Pr\u00e9parez \u00e0 l\u2019avance votre monnaie si vous souhaitez acheter des tickets au conducteur<br \/>\n\u25cf Si le bus qui approche est le v\u00f4tre, faites signe au conducteur, il comprendra que vous n\u2019attendez pas un autre bus et s\u2019arr\u00eatera pr\u00e8s de vous.<br \/>\n\u278d Montez par l\u2019arri\u00e8re du bus<br \/>\n\u25cf Pour votre s\u00e9curit\u00e9 et pour faciliter la descente aux portes avant.<br \/>\n\u25cf Lorsque vous montez, vous pouvez acheter votre ticket directement au confaieur si n\u00e9cessaire (nos conducteurs disposant de peu de monnaie, merci de faire l\u2019appoint).<\/span><\/td>\n<\/tr>\n<\/tbody>\n<\/table>\n","protected":false},"excerpt":{"rendered":"<p>Comment prendre le bus ? \u00a0 \u00a0 Voyager en bus, c\u2019est tr\u00e8s simple ! La SRTM dessert les 3 communes de l&#8217;ile de Djerba \u00a0 \u00a0 Voici 4 CONSEILS pour voyager sereinement \u278a Pr\u00e9parez votre voyage \u25cf Gr\u00e2ce au Guide Horaires, au Plan du R\u00e9seau, vous pouvez pr\u00e9parer votre itin\u00e9raire tranquillement et savoir en quelques [&hellip;]<\/p>\n","protected":false},"author":1,"featured_media":0,"parent":5093,"menu_order":0,"comment_status":"closed","ping_status":"closed","template":"","meta":{"nf_dc_page":"","om_disable_all_campaigns":false,"jetpack_post_was_ever_published":false,"footnotes":""},"class_list":["post-5233","page","type-page","status-publish","hentry"],"translation":{"provider":"WPGlobus","version":"3.0.2","language":"ar","enabled_languages":["fr","ar"],"languages":{"fr":{"title":true,"content":true,"excerpt":false},"ar":{"title":false,"content":false,"excerpt":false}}},"jetpack_sharing_enabled":true,"jetpack_shortlink":"https:\/\/wp.me\/P8s367-1mp","_links":{"self":[{"href":"https:\/\/www.ilededjerba.tn\/ar\/wp-json\/wp\/v2\/pages\/5233","targetHints":{"allow":["GET"]}}],"collection":[{"href":"https:\/\/www.ilededjerba.tn\/ar\/wp-json\/wp\/v2\/pages"}],"about":[{"href":"https:\/\/www.ilededjerba.tn\/ar\/wp-json\/wp\/v2\/types\/page"}],"author":[{"embeddable":true,"href":"https:\/\/www.ilededjerba.tn\/ar\/wp-json\/wp\/v2\/users\/1"}],"replies":[{"embeddable":true,"href":"https:\/\/www.ilededjerba.tn\/ar\/wp-json\/wp\/v2\/comments?post=5233"}],"version-history":[{"count":1,"href":"https:\/\/www.ilededjerba.tn\/ar\/wp-json\/wp\/v2\/pages\/5233\/revisions"}],"predecessor-version":[{"id":5234,"href":"https:\/\/www.ilededjerba.tn\/ar\/wp-json\/wp\/v2\/pages\/5233\/revisions\/5234"}],"up":[{"embeddable":true,"href":"https:\/\/www.ilededjerba.tn\/ar\/wp-json\/wp\/v2\/pages\/5093"}],"wp:attachment":[{"href":"https:\/\/www.ilededjerba.tn\/ar\/wp-json\/wp\/v2\/media?parent=5233"}],"curies":[{"name":"wp","href":"https:\/\/api.w.org\/{rel}","templated":true}]}}