{"id":5136,"date":"2017-03-12T13:32:14","date_gmt":"2017-03-12T13:32:14","guid":{"rendered":"https:\/\/www.ilededjerba.tn\/?page_id=5136"},"modified":"2018-01-14T12:17:49","modified_gmt":"2018-01-14T12:17:49","slug":"commune-djerba-houmet-souk","status":"publish","type":"page","link":"https:\/\/www.ilededjerba.tn\/ar\/vie-municipale-citoyenne\/delegation-houmet-souk\/commune-djerba-houmet-souk\/","title":{"rendered":"Commune Djerba Houmet Souk"},"content":{"rendered":"<p>La commune de Djerba Houmt Souk compte quatre circonscriptions :<\/p>\n<ul>\n<li><span class=\"gras\"> Houmt Souk<\/span><\/li>\n<li><span class=\"gras\"> Erriadh<\/span><\/li>\n<li><span class=\"gras\">Mellita<\/span><\/li>\n<li class=\"titre\"><img data-recalc-dims=\"1\" decoding=\"async\" loading=\"lazy\" class=\"alignright wp-image-5374 size-medium\" src=\"https:\/\/i0.wp.com\/www.ilededjerba.tn\/wp-content\/uploads\/arron_houmet_big-240x300.jpg?resize=240%2C300&#038;ssl=1\" alt=\"\" width=\"240\" height=\"300\" srcset=\"https:\/\/i0.wp.com\/www.ilededjerba.tn\/wp-content\/uploads\/arron_houmet_big.jpg?resize=240%2C300&amp;ssl=1 240w, https:\/\/i0.wp.com\/www.ilededjerba.tn\/wp-content\/uploads\/arron_houmet_big.jpg?w=384&amp;ssl=1 384w\" sizes=\"auto, (max-width: 240px) 100vw, 240px\" \/>Mezraya<\/li>\n<\/ul>\n<p><span style=\"color: #ff6600;\"><strong><span class=\"soustitres\">Arrondissement de Houmt Souk\u00a0<\/span><\/strong><\/span><\/p>\n<p>La circonscription de Houmt Souk a \u00e9t\u00e9 cr\u00e9\u00e9e le 4 mars 1977.<\/p>\n<ul>\n<li><span class=\"titre\">Superficie :<\/span> 72.34 km2<\/li>\n<li><span class=\"titre\">Nombre d&#8217;habitants : <\/span>31957 ( recensement de l&#8217;Institut National des Statistiques de l&#8217;ann\u00e9e 2004 )<\/li>\n<li><span class=\"gras\">La circonscription de Houmt Souk comporte les secteurs suivants<\/span> : Taourit, Boumellel, Essouani, Mellita, Hachen, Fetou, Mezraya, Cedghiane, Erriadh, Oualegh, Ejjouamaa.<\/li>\n<\/ul>\n<p><span style=\"color: #ff6600;\"><strong><span class=\"soustitres\">Arrondissement d\u2019Erriadh\u00a0<\/span><\/strong><\/span><\/p>\n<p>La circonscription d\u2019Erriadh a \u00e9t\u00e9 cr\u00e9\u00e9e le 4 mars 1977.<\/p>\n<ul>\n<li><span class=\"titre\">Superficie :<\/span> 45.34 km2<img data-recalc-dims=\"1\" decoding=\"async\" loading=\"lazy\" class=\"size-full wp-image-5375 alignright\" src=\"https:\/\/i0.wp.com\/www.ilededjerba.tn\/wp-content\/uploads\/arron_riadh.jpg?resize=240%2C180&#038;ssl=1\" alt=\"\" width=\"240\" height=\"180\" \/><\/li>\n<li><span class=\"titre\">Nombre d&#8217;habitants :<\/span> 10199 ( recensement de l&#8217;Institut National des Statistiques de l&#8217;ann\u00e9e 2004<\/li>\n<li><span class=\"gras\">circonscription d\u2019Erriadh comporte les secteurs suivants<\/span> : Erriadh, Oualegh.<\/li>\n<\/ul>\n<p><strong><span class=\"soustitres\" style=\"color: #ff6600;\">Arrondissement de Mellita :<\/span><\/strong><\/p>\n<p>La circonscription de Mellita a \u00e9t\u00e9 cr\u00e9\u00e9e le 8 mai 1990.<img data-recalc-dims=\"1\" decoding=\"async\" loading=\"lazy\" class=\"size-full wp-image-5376 alignleft\" src=\"https:\/\/i0.wp.com\/www.ilededjerba.tn\/wp-content\/uploads\/arron_mellita.jpg?resize=240%2C180&#038;ssl=1\" alt=\"\" width=\"240\" height=\"180\" \/><\/p>\n<ul>\n<li><span class=\"titre\">Superficie :<\/span> 58.86 km2<\/li>\n<li><span class=\"titre\">Nombre d&#8217;habitants :<\/span> 7514 ( recensement de l&#8217;Institut National des Statistiques de l&#8217;ann\u00e9e 2004 )<\/li>\n<li><span class=\"gras\">La circonscription de Mellita comporte les secteurs suivants<\/span> : Mellita, Hachen<\/li>\n<\/ul>\n<p>&nbsp;<\/p>\n<p>&nbsp;<\/p>\n<p>&nbsp;<\/p>\n<p><strong><span class=\"soustitres\" style=\"color: #ff6600;\">Arrondissement de Mezraya :<\/span><\/strong><\/p>\n<p>La circonscription de Mezraya a \u00e9t\u00e9 cr\u00e9\u00e9e le 20 juillet 2004.<\/p>\n<ul>\n<li><span class=\"titre\">Nombre d\u2019habitants :<\/span> 3670 ( recensement de l&#8217;Institut National des Statistiques de l&#8217;ann\u00e9e 2004 )<\/li>\n<\/ul>\n<p>&nbsp;<\/p>\n<p><strong>Source<\/strong> :\u00a0<em>www.commune-houmtsouk.gov.tn\/fr<\/em><\/p>\n","protected":false},"excerpt":{"rendered":"<p>La commune de Djerba Houmt Souk compte quatre circonscriptions : Houmt Souk Erriadh Mellita Mezraya Arrondissement de Houmt Souk\u00a0 La circonscription de Houmt Souk a \u00e9t\u00e9 cr\u00e9\u00e9e le 4 mars 1977. Superficie : 72.34 km2 Nombre d&#8217;habitants : 31957 ( recensement de l&#8217;Institut National des Statistiques de l&#8217;ann\u00e9e 2004 ) La circonscription de Houmt Souk [&hellip;]<\/p>\n","protected":false},"author":1,"featured_media":0,"parent":5134,"menu_order":0,"comment_status":"closed","ping_status":"closed","template":"","meta":{"nf_dc_page":"","om_disable_all_campaigns":false,"jetpack_post_was_ever_published":false,"footnotes":""},"class_list":["post-5136","page","type-page","status-publish","hentry"],"translation":{"provider":"WPGlobus","version":"3.0.2","language":"ar","enabled_languages":["fr","ar"],"languages":{"fr":{"title":true,"content":true,"excerpt":false},"ar":{"title":false,"content":false,"excerpt":false}}},"jetpack_sharing_enabled":true,"jetpack_shortlink":"https:\/\/wp.me\/P8s367-1kQ","_links":{"self":[{"href":"https:\/\/www.ilededjerba.tn\/ar\/wp-json\/wp\/v2\/pages\/5136","targetHints":{"allow":["GET"]}}],"collection":[{"href":"https:\/\/www.ilededjerba.tn\/ar\/wp-json\/wp\/v2\/pages"}],"about":[{"href":"https:\/\/www.ilededjerba.tn\/ar\/wp-json\/wp\/v2\/types\/page"}],"author":[{"embeddable":true,"href":"https:\/\/www.ilededjerba.tn\/ar\/wp-json\/wp\/v2\/users\/1"}],"replies":[{"embeddable":true,"href":"https:\/\/www.ilededjerba.tn\/ar\/wp-json\/wp\/v2\/comments?post=5136"}],"version-history":[{"count":8,"href":"https:\/\/www.ilededjerba.tn\/ar\/wp-json\/wp\/v2\/pages\/5136\/revisions"}],"predecessor-version":[{"id":5381,"href":"https:\/\/www.ilededjerba.tn\/ar\/wp-json\/wp\/v2\/pages\/5136\/revisions\/5381"}],"up":[{"embeddable":true,"href":"https:\/\/www.ilededjerba.tn\/ar\/wp-json\/wp\/v2\/pages\/5134"}],"wp:attachment":[{"href":"https:\/\/www.ilededjerba.tn\/ar\/wp-json\/wp\/v2\/media?parent=5136"}],"curies":[{"name":"wp","href":"https:\/\/api.w.org\/{rel}","templated":true}]}}