{"id":5095,"date":"2017-03-12T12:46:28","date_gmt":"2017-03-12T12:46:28","guid":{"rendered":"https:\/\/www.ilededjerba.tn\/?page_id=5095"},"modified":"2017-03-12T12:46:28","modified_gmt":"2017-03-12T12:46:28","slug":"se-deplacer-a-velo-ou-a-pied","status":"publish","type":"page","link":"https:\/\/www.ilededjerba.tn\/ar\/vie-pratique-services\/deplacements\/se-deplacer-a-velo-ou-a-pied\/","title":{"rendered":"Se d\u00e9placer \u00e0 v\u00e9lo ou \u00e0 pied"},"content":{"rendered":"","protected":false},"excerpt":{"rendered":"","protected":false},"author":1,"featured_media":0,"parent":5075,"menu_order":0,"comment_status":"closed","ping_status":"closed","template":"","meta":{"nf_dc_page":"","om_disable_all_campaigns":false,"jetpack_post_was_ever_published":false,"footnotes":""},"class_list":["post-5095","page","type-page","status-publish","hentry"],"translation":{"provider":"WPGlobus","version":"3.0.2","language":"ar","enabled_languages":["fr","ar"],"languages":{"fr":{"title":true,"content":false,"excerpt":false},"ar":{"title":false,"content":false,"excerpt":false}}},"jetpack_sharing_enabled":true,"jetpack_shortlink":"https:\/\/wp.me\/P8s367-1kb","_links":{"self":[{"href":"https:\/\/www.ilededjerba.tn\/ar\/wp-json\/wp\/v2\/pages\/5095","targetHints":{"allow":["GET"]}}],"collection":[{"href":"https:\/\/www.ilededjerba.tn\/ar\/wp-json\/wp\/v2\/pages"}],"about":[{"href":"https:\/\/www.ilededjerba.tn\/ar\/wp-json\/wp\/v2\/types\/page"}],"author":[{"embeddable":true,"href":"https:\/\/www.ilededjerba.tn\/ar\/wp-json\/wp\/v2\/users\/1"}],"replies":[{"embeddable":true,"href":"https:\/\/www.ilededjerba.tn\/ar\/wp-json\/wp\/v2\/comments?post=5095"}],"version-history":[{"count":1,"href":"https:\/\/www.ilededjerba.tn\/ar\/wp-json\/wp\/v2\/pages\/5095\/revisions"}],"predecessor-version":[{"id":5096,"href":"https:\/\/www.ilededjerba.tn\/ar\/wp-json\/wp\/v2\/pages\/5095\/revisions\/5096"}],"up":[{"embeddable":true,"href":"https:\/\/www.ilededjerba.tn\/ar\/wp-json\/wp\/v2\/pages\/5075"}],"wp:attachment":[{"href":"https:\/\/www.ilededjerba.tn\/ar\/wp-json\/wp\/v2\/media?parent=5095"}],"curies":[{"name":"wp","href":"https:\/\/api.w.org\/{rel}","templated":true}]}}