{"id":5093,"date":"2017-03-12T12:45:41","date_gmt":"2017-03-12T12:45:41","guid":{"rendered":"https:\/\/www.ilededjerba.tn\/?page_id=5093"},"modified":"2017-03-28T09:56:35","modified_gmt":"2017-03-28T09:56:35","slug":"transports-collectifs","status":"publish","type":"page","link":"https:\/\/www.ilededjerba.tn\/ar\/vie-pratique-services\/deplacements\/transports-collectifs\/","title":{"rendered":"Transports collectifs"},"content":{"rendered":"<p><img data-recalc-dims=\"1\" decoding=\"async\" loading=\"lazy\" class=\"wp-image-5249 size-full aligncenter\" src=\"https:\/\/i0.wp.com\/www.ilededjerba.tn\/wp-content\/uploads\/guide.png?resize=736%2C742&#038;ssl=1\" alt=\"\" width=\"736\" height=\"742\" srcset=\"https:\/\/i0.wp.com\/www.ilededjerba.tn\/wp-content\/uploads\/guide.png?w=736&amp;ssl=1 736w, https:\/\/i0.wp.com\/www.ilededjerba.tn\/wp-content\/uploads\/guide.png?resize=150%2C150&amp;ssl=1 150w, https:\/\/i0.wp.com\/www.ilededjerba.tn\/wp-content\/uploads\/guide.png?resize=298%2C300&amp;ssl=1 298w\" sizes=\"auto, (max-width: 736px) 100vw, 736px\" \/><\/p>\n<div id=\"attachment_5172\" style=\"width: 2115px\" class=\"wp-caption alignnone\"><img data-recalc-dims=\"1\" decoding=\"async\" aria-describedby=\"caption-attachment-5172\" loading=\"lazy\" class=\"wp-image-5172 size-full\" src=\"https:\/\/i0.wp.com\/www.ilededjerba.tn\/wp-content\/uploads\/carte-DJERBA.png?resize=1200%2C848&#038;ssl=1\" alt=\"\" width=\"1200\" height=\"848\" srcset=\"https:\/\/i0.wp.com\/www.ilededjerba.tn\/wp-content\/uploads\/carte-DJERBA.png?w=2105&amp;ssl=1 2105w, https:\/\/i0.wp.com\/www.ilededjerba.tn\/wp-content\/uploads\/carte-DJERBA.png?resize=300%2C212&amp;ssl=1 300w, https:\/\/i0.wp.com\/www.ilededjerba.tn\/wp-content\/uploads\/carte-DJERBA.png?resize=768%2C543&amp;ssl=1 768w, https:\/\/i0.wp.com\/www.ilededjerba.tn\/wp-content\/uploads\/carte-DJERBA.png?resize=1024%2C724&amp;ssl=1 1024w\" sizes=\"auto, (max-width: 1200px) 100vw, 1200px\" \/><p id=\"caption-attachment-5172\" class=\"wp-caption-text\">R\u00e9seau du transport de l&#8217;Ile de Djerba<\/p><\/div>\n<p><iframe loading=\"lazy\" src=\"https:\/\/www.google.com\/maps\/d\/embed?mid=1hPsK5rhqLZHukt4Pfq8Bz34kjKM\" width=\"1640\" height=\"480\"><\/iframe><\/p>\n<p>R\u00e9seau du transport de l&#8217;Ile de Djerba sur Google My Map.<\/p>\n<ul>\n<li><strong>LIGNE N\u00b0 10 \u0631\u0642\u0645 \u0627\u0644\u062e\u0637 : Houmet Souk &#8211; \u062d\u0648\u0645\u0629 \u0627\u0644\u0633\u0648\u0642 \u00a0 Elmay\u00a0 &#8211; \u0627\u0644\u0645\u0627\u064a &#8212;&gt; Mahboubine\u00a0 &#8211; \u0627\u0644\u0645\u062d\u0628\u0648\u0628\u064a\u064a\u0646 idoun\u00a0 &#8211; \u0645\u064a\u062f\u0648\u0646 Aguir\u00a0 &#8211; \u0623\u063a\u064a\u0631 Jerba La fid\u00e8le\u00a0 &#8211; \u062c\u0631\u0628\u0629 \u0627\u0644\u0648\u0641\u064a<\/strong><\/li>\n<\/ul>\n<p><img data-recalc-dims=\"1\" decoding=\"async\" loading=\"lazy\" class=\"alignnone wp-image-5251 size-full\" src=\"https:\/\/i0.wp.com\/www.ilededjerba.tn\/wp-content\/uploads\/10_a.png?resize=1200%2C365&#038;ssl=1\" alt=\"\" width=\"1200\" height=\"365\" srcset=\"https:\/\/i0.wp.com\/www.ilededjerba.tn\/wp-content\/uploads\/10_a.png?w=1819&amp;ssl=1 1819w, https:\/\/i0.wp.com\/www.ilededjerba.tn\/wp-content\/uploads\/10_a.png?resize=300%2C91&amp;ssl=1 300w, https:\/\/i0.wp.com\/www.ilededjerba.tn\/wp-content\/uploads\/10_a.png?resize=768%2C234&amp;ssl=1 768w, https:\/\/i0.wp.com\/www.ilededjerba.tn\/wp-content\/uploads\/10_a.png?resize=1024%2C312&amp;ssl=1 1024w\" sizes=\"auto, (max-width: 1200px) 100vw, 1200px\" \/><\/p>\n<p><img data-recalc-dims=\"1\" decoding=\"async\" loading=\"lazy\" class=\"alignnone wp-image-5250 size-full\" src=\"https:\/\/i0.wp.com\/www.ilededjerba.tn\/wp-content\/uploads\/10_r.png?resize=1200%2C310&#038;ssl=1\" alt=\"\" width=\"1200\" height=\"310\" srcset=\"https:\/\/i0.wp.com\/www.ilededjerba.tn\/wp-content\/uploads\/10_r.png?w=1884&amp;ssl=1 1884w, https:\/\/i0.wp.com\/www.ilededjerba.tn\/wp-content\/uploads\/10_r.png?resize=300%2C78&amp;ssl=1 300w, https:\/\/i0.wp.com\/www.ilededjerba.tn\/wp-content\/uploads\/10_r.png?resize=768%2C199&amp;ssl=1 768w, https:\/\/i0.wp.com\/www.ilededjerba.tn\/wp-content\/uploads\/10_r.png?resize=1024%2C265&amp;ssl=1 1024w\" sizes=\"auto, (max-width: 1200px) 100vw, 1200px\" \/><\/p>\n<ul>\n<li><strong>LIGNE N\u00b0 11\u00a0\u00a0 \u0631\u0642\u0645 \u0627\u0644\u062e\u0637 : Houmet Souk &#8211; \u062d\u0648\u0645\u0629 \u0627\u0644\u0633\u0648\u0642 \u00a0 Tanit \u2013 \u062a\u0627\u0646\u064a\u0637<\/strong><\/li>\n<\/ul>\n<p><img data-recalc-dims=\"1\" decoding=\"async\" loading=\"lazy\" class=\"alignnone wp-image-5252 size-full\" src=\"https:\/\/i0.wp.com\/www.ilededjerba.tn\/wp-content\/uploads\/11_a.png?resize=1200%2C354&#038;ssl=1\" alt=\"\" width=\"1200\" height=\"354\" srcset=\"https:\/\/i0.wp.com\/www.ilededjerba.tn\/wp-content\/uploads\/11_a.png?w=1869&amp;ssl=1 1869w, https:\/\/i0.wp.com\/www.ilededjerba.tn\/wp-content\/uploads\/11_a.png?resize=300%2C88&amp;ssl=1 300w, https:\/\/i0.wp.com\/www.ilededjerba.tn\/wp-content\/uploads\/11_a.png?resize=768%2C226&amp;ssl=1 768w, https:\/\/i0.wp.com\/www.ilededjerba.tn\/wp-content\/uploads\/11_a.png?resize=1024%2C302&amp;ssl=1 1024w\" sizes=\"auto, (max-width: 1200px) 100vw, 1200px\" \/><\/p>\n<p><img data-recalc-dims=\"1\" decoding=\"async\" loading=\"lazy\" class=\"alignnone wp-image-5253 size-full\" src=\"https:\/\/i0.wp.com\/www.ilededjerba.tn\/wp-content\/uploads\/11_r.png?resize=1200%2C362&#038;ssl=1\" alt=\"\" width=\"1200\" height=\"362\" srcset=\"https:\/\/i0.wp.com\/www.ilededjerba.tn\/wp-content\/uploads\/11_r.png?w=1885&amp;ssl=1 1885w, https:\/\/i0.wp.com\/www.ilededjerba.tn\/wp-content\/uploads\/11_r.png?resize=300%2C91&amp;ssl=1 300w, https:\/\/i0.wp.com\/www.ilededjerba.tn\/wp-content\/uploads\/11_r.png?resize=768%2C232&amp;ssl=1 768w, https:\/\/i0.wp.com\/www.ilededjerba.tn\/wp-content\/uploads\/11_r.png?resize=1024%2C309&amp;ssl=1 1024w\" sizes=\"auto, (max-width: 1200px) 100vw, 1200px\" \/><\/p>\n<ul>\n<li><strong>LIGNE N\u00b0 12 \u0631\u0642\u0645 \u0627\u0644\u062e\u0637 : Houmet Souk -\u062d\u0648\u0645\u0629 \u0627\u0644\u0633\u0648\u0642 \u00a0 Ajim \u2013\u0623\u062c\u064a\u0645<\/strong><\/li>\n<\/ul>\n<p><img data-recalc-dims=\"1\" decoding=\"async\" loading=\"lazy\" class=\"alignnone wp-image-5255 size-full\" src=\"https:\/\/i0.wp.com\/www.ilededjerba.tn\/wp-content\/uploads\/12_a.png?resize=1024%2C456&#038;ssl=1\" alt=\"\" width=\"1024\" height=\"456\" srcset=\"https:\/\/i0.wp.com\/www.ilededjerba.tn\/wp-content\/uploads\/12_a.png?w=1024&amp;ssl=1 1024w, https:\/\/i0.wp.com\/www.ilededjerba.tn\/wp-content\/uploads\/12_a.png?resize=300%2C134&amp;ssl=1 300w, https:\/\/i0.wp.com\/www.ilededjerba.tn\/wp-content\/uploads\/12_a.png?resize=768%2C342&amp;ssl=1 768w\" sizes=\"auto, (max-width: 1024px) 100vw, 1024px\" \/><\/p>\n<p><img data-recalc-dims=\"1\" decoding=\"async\" loading=\"lazy\" class=\"alignnone wp-image-5254 size-full\" src=\"https:\/\/i0.wp.com\/www.ilededjerba.tn\/wp-content\/uploads\/12_r.png?resize=1038%2C474&#038;ssl=1\" alt=\"\" width=\"1038\" height=\"474\" srcset=\"https:\/\/i0.wp.com\/www.ilededjerba.tn\/wp-content\/uploads\/12_r.png?w=1038&amp;ssl=1 1038w, https:\/\/i0.wp.com\/www.ilededjerba.tn\/wp-content\/uploads\/12_r.png?resize=300%2C137&amp;ssl=1 300w, https:\/\/i0.wp.com\/www.ilededjerba.tn\/wp-content\/uploads\/12_r.png?resize=768%2C351&amp;ssl=1 768w, https:\/\/i0.wp.com\/www.ilededjerba.tn\/wp-content\/uploads\/12_r.png?resize=1024%2C468&amp;ssl=1 1024w\" sizes=\"auto, (max-width: 1038px) 100vw, 1038px\" \/><\/p>\n<ul>\n<li><strong>LIGNE N\u00b0 13 \u0631\u0642\u0645 \u0627\u0644\u062e\u0637 :\u00a0 Houmet Souk &#8211; \u062d\u0648\u0645\u0629 \u0627\u0644\u0633\u0648\u0642 Midoun &#8211; \u0645\u064a\u062f\u0648\u0646 \u00a0 Bni Maaguel &#8211; \u0628\u0646\u064a \u0645\u0639\u0642\u0644<\/strong><\/li>\n<\/ul>\n<p><strong><img data-recalc-dims=\"1\" decoding=\"async\" loading=\"lazy\" class=\"alignnone wp-image-5257 size-full\" src=\"https:\/\/i0.wp.com\/www.ilededjerba.tn\/wp-content\/uploads\/13_a.png?resize=1200%2C399&#038;ssl=1\" alt=\"\" width=\"1200\" height=\"399\" srcset=\"https:\/\/i0.wp.com\/www.ilededjerba.tn\/wp-content\/uploads\/13_a.png?w=1275&amp;ssl=1 1275w, https:\/\/i0.wp.com\/www.ilededjerba.tn\/wp-content\/uploads\/13_a.png?resize=300%2C100&amp;ssl=1 300w, https:\/\/i0.wp.com\/www.ilededjerba.tn\/wp-content\/uploads\/13_a.png?resize=768%2C255&amp;ssl=1 768w, https:\/\/i0.wp.com\/www.ilededjerba.tn\/wp-content\/uploads\/13_a.png?resize=1024%2C341&amp;ssl=1 1024w\" sizes=\"auto, (max-width: 1200px) 100vw, 1200px\" \/><\/strong><\/p>\n<p><strong><img data-recalc-dims=\"1\" decoding=\"async\" loading=\"lazy\" class=\"alignnone wp-image-5256 size-full\" src=\"https:\/\/i0.wp.com\/www.ilededjerba.tn\/wp-content\/uploads\/13_r.png?resize=1200%2C416&#038;ssl=1\" alt=\"\" width=\"1200\" height=\"416\" srcset=\"https:\/\/i0.wp.com\/www.ilededjerba.tn\/wp-content\/uploads\/13_r.png?w=1286&amp;ssl=1 1286w, https:\/\/i0.wp.com\/www.ilededjerba.tn\/wp-content\/uploads\/13_r.png?resize=300%2C104&amp;ssl=1 300w, https:\/\/i0.wp.com\/www.ilededjerba.tn\/wp-content\/uploads\/13_r.png?resize=768%2C266&amp;ssl=1 768w, https:\/\/i0.wp.com\/www.ilededjerba.tn\/wp-content\/uploads\/13_r.png?resize=1024%2C355&amp;ssl=1 1024w\" sizes=\"auto, (max-width: 1200px) 100vw, 1200px\" \/> <\/strong><\/p>\n<ul>\n<li><strong>LIGNE N\u00b0 14 \u0631\u0642\u0645 \u0627\u0644\u062e\u0637\u00a0 : Houmet Souk &#8211; \u062d\u0648\u0645\u0629 \u0627\u0644\u0633\u0648\u0642 \u00a0 Erriadh &#8211; \u0627\u0644\u0631\u064a\u0627\u0636 Gallala\u00a0 &#8211; \u0642\u0644\u0627\u0644\u0629<\/strong><\/li>\n<\/ul>\n<p><img data-recalc-dims=\"1\" decoding=\"async\" loading=\"lazy\" class=\"alignnone wp-image-5259 size-full\" src=\"https:\/\/i0.wp.com\/www.ilededjerba.tn\/wp-content\/uploads\/14_a.png?resize=1116%2C560&#038;ssl=1\" alt=\"\" width=\"1116\" height=\"560\" srcset=\"https:\/\/i0.wp.com\/www.ilededjerba.tn\/wp-content\/uploads\/14_a.png?w=1116&amp;ssl=1 1116w, https:\/\/i0.wp.com\/www.ilededjerba.tn\/wp-content\/uploads\/14_a.png?resize=300%2C151&amp;ssl=1 300w, https:\/\/i0.wp.com\/www.ilededjerba.tn\/wp-content\/uploads\/14_a.png?resize=768%2C385&amp;ssl=1 768w, https:\/\/i0.wp.com\/www.ilededjerba.tn\/wp-content\/uploads\/14_a.png?resize=1024%2C514&amp;ssl=1 1024w\" sizes=\"auto, (max-width: 1116px) 100vw, 1116px\" \/><\/p>\n<p><img data-recalc-dims=\"1\" decoding=\"async\" loading=\"lazy\" class=\"alignnone wp-image-5258 size-full\" src=\"https:\/\/i0.wp.com\/www.ilededjerba.tn\/wp-content\/uploads\/14_r.png?resize=1135%2C557&#038;ssl=1\" alt=\"\" width=\"1135\" height=\"557\" srcset=\"https:\/\/i0.wp.com\/www.ilededjerba.tn\/wp-content\/uploads\/14_r.png?w=1135&amp;ssl=1 1135w, https:\/\/i0.wp.com\/www.ilededjerba.tn\/wp-content\/uploads\/14_r.png?resize=300%2C147&amp;ssl=1 300w, https:\/\/i0.wp.com\/www.ilededjerba.tn\/wp-content\/uploads\/14_r.png?resize=768%2C377&amp;ssl=1 768w, https:\/\/i0.wp.com\/www.ilededjerba.tn\/wp-content\/uploads\/14_r.png?resize=1024%2C503&amp;ssl=1 1024w\" sizes=\"auto, (max-width: 1135px) 100vw, 1135px\" \/><\/p>\n<ul>\n<li><strong>LIGNE N\u00b0 15 \u0631\u0642\u0645 \u0627\u0644\u062e\u0637 : Houmet Souk &#8211; \u062d\u0648\u0645\u0629 \u0627\u0644\u0633\u0648\u0642 \u00a0 L&#8217;a\u00e9roport \u2013 \u0627\u0644\u0645\u0637\u0627\u0631<\/strong><\/li>\n<\/ul>\n<p><img data-recalc-dims=\"1\" decoding=\"async\" loading=\"lazy\" class=\"alignnone wp-image-5260 size-full\" src=\"https:\/\/i0.wp.com\/www.ilededjerba.tn\/wp-content\/uploads\/15.png?resize=1101%2C279&#038;ssl=1\" alt=\"\" width=\"1101\" height=\"279\" srcset=\"https:\/\/i0.wp.com\/www.ilededjerba.tn\/wp-content\/uploads\/15.png?w=1101&amp;ssl=1 1101w, https:\/\/i0.wp.com\/www.ilededjerba.tn\/wp-content\/uploads\/15.png?resize=300%2C76&amp;ssl=1 300w, https:\/\/i0.wp.com\/www.ilededjerba.tn\/wp-content\/uploads\/15.png?resize=768%2C195&amp;ssl=1 768w, https:\/\/i0.wp.com\/www.ilededjerba.tn\/wp-content\/uploads\/15.png?resize=1024%2C259&amp;ssl=1 1024w\" sizes=\"auto, (max-width: 1101px) 100vw, 1101px\" \/><\/p>\n<ul>\n<li><strong>LIGNE N\u00b0 16 \u0631\u0642\u0645 \u0627\u0644\u062e\u0637\u00a0 : Houmet Souk -\u062d\u0648\u0645\u0629 \u0627\u0644\u0633\u0648\u0642 \u00a0 Sedwikech \u2013 \u0633\u062f\u0648\u064a\u0643\u0634<\/strong><\/li>\n<\/ul>\n<p><img data-recalc-dims=\"1\" decoding=\"async\" loading=\"lazy\" class=\"alignnone wp-image-5262 size-full\" src=\"https:\/\/i0.wp.com\/www.ilededjerba.tn\/wp-content\/uploads\/16_a.png?resize=1200%2C566&#038;ssl=1\" alt=\"\" width=\"1200\" height=\"566\" srcset=\"https:\/\/i0.wp.com\/www.ilededjerba.tn\/wp-content\/uploads\/16_a.png?w=1212&amp;ssl=1 1212w, https:\/\/i0.wp.com\/www.ilededjerba.tn\/wp-content\/uploads\/16_a.png?resize=300%2C142&amp;ssl=1 300w, https:\/\/i0.wp.com\/www.ilededjerba.tn\/wp-content\/uploads\/16_a.png?resize=768%2C362&amp;ssl=1 768w, https:\/\/i0.wp.com\/www.ilededjerba.tn\/wp-content\/uploads\/16_a.png?resize=1024%2C483&amp;ssl=1 1024w\" sizes=\"auto, (max-width: 1200px) 100vw, 1200px\" \/><\/p>\n<p><img data-recalc-dims=\"1\" decoding=\"async\" loading=\"lazy\" class=\"alignnone wp-image-5261 size-full\" src=\"https:\/\/i0.wp.com\/www.ilededjerba.tn\/wp-content\/uploads\/16_r.png?resize=1200%2C544&#038;ssl=1\" alt=\"\" width=\"1200\" height=\"544\" srcset=\"https:\/\/i0.wp.com\/www.ilededjerba.tn\/wp-content\/uploads\/16_r.png?w=1209&amp;ssl=1 1209w, https:\/\/i0.wp.com\/www.ilededjerba.tn\/wp-content\/uploads\/16_r.png?resize=300%2C136&amp;ssl=1 300w, https:\/\/i0.wp.com\/www.ilededjerba.tn\/wp-content\/uploads\/16_r.png?resize=768%2C348&amp;ssl=1 768w, https:\/\/i0.wp.com\/www.ilededjerba.tn\/wp-content\/uploads\/16_r.png?resize=1024%2C464&amp;ssl=1 1024w\" sizes=\"auto, (max-width: 1200px) 100vw, 1200px\" \/><\/p>\n<ul>\n<li><strong>LIGNE N\u00b0 17 \u0631\u0642\u0645 \u0627\u0644\u062e\u0637\u00a0\u00a0 : \u00a0Houmet Souk &#8211; \u062d\u0648\u0645\u0629 \u0627\u0644\u0633\u0648\u0642 \u00a0 Walagh &#8211; \u0648\u0627\u0644\u063a\u00a0 Gachayin &#8211; \u0642\u0634\u0639\u064a\u064a\u0646<\/strong><\/li>\n<\/ul>\n<p><img data-recalc-dims=\"1\" decoding=\"async\" loading=\"lazy\" class=\"alignnone wp-image-5263 size-full\" src=\"https:\/\/i0.wp.com\/www.ilededjerba.tn\/wp-content\/uploads\/17.png?resize=1200%2C348&#038;ssl=1\" alt=\"\" width=\"1200\" height=\"348\" srcset=\"https:\/\/i0.wp.com\/www.ilededjerba.tn\/wp-content\/uploads\/17.png?w=1529&amp;ssl=1 1529w, https:\/\/i0.wp.com\/www.ilededjerba.tn\/wp-content\/uploads\/17.png?resize=300%2C87&amp;ssl=1 300w, https:\/\/i0.wp.com\/www.ilededjerba.tn\/wp-content\/uploads\/17.png?resize=768%2C223&amp;ssl=1 768w, https:\/\/i0.wp.com\/www.ilededjerba.tn\/wp-content\/uploads\/17.png?resize=1024%2C297&amp;ssl=1 1024w\" sizes=\"auto, (max-width: 1200px) 100vw, 1200px\" \/><\/p>\n<ul>\n<li><strong>LIGNE N\u00b0 18 \u0631\u0642\u0645 \u0627\u0644\u062e\u0637 : Houmet Souk &#8211; \u062d\u0648\u0645\u0629 \u0627\u0644\u0633\u0648\u0642 \u00a0 Oued Ezbib &#8211; \u0648\u0627\u062f \u0627\u0644\u0632\u0628\u064a\u0628 \u00a0\u00a0<\/strong><\/li>\n<\/ul>\n<p><img data-recalc-dims=\"1\" decoding=\"async\" loading=\"lazy\" class=\"alignnone wp-image-5264 size-full\" src=\"https:\/\/i0.wp.com\/www.ilededjerba.tn\/wp-content\/uploads\/18.png?resize=1200%2C325&#038;ssl=1\" alt=\"\" width=\"1200\" height=\"325\" srcset=\"https:\/\/i0.wp.com\/www.ilededjerba.tn\/wp-content\/uploads\/18.png?w=1618&amp;ssl=1 1618w, https:\/\/i0.wp.com\/www.ilededjerba.tn\/wp-content\/uploads\/18.png?resize=300%2C81&amp;ssl=1 300w, https:\/\/i0.wp.com\/www.ilededjerba.tn\/wp-content\/uploads\/18.png?resize=768%2C208&amp;ssl=1 768w, https:\/\/i0.wp.com\/www.ilededjerba.tn\/wp-content\/uploads\/18.png?resize=1024%2C277&amp;ssl=1 1024w\" sizes=\"auto, (max-width: 1200px) 100vw, 1200px\" \/><\/p>\n<p><span style=\"color: #ff0000;\"><strong>Note:<\/strong><\/span><\/p>\n<ul>\n<li>Seuls les horaires de d\u00e9part des terminus sont officiaux \u00a0.<\/li>\n<li>Les stations dans chaque lignes sont identifies de la\u00a0carte ci-dessus ( Attente de confirmation de la SRT M\u00e9denine)<\/li>\n<li>Les horaires de passage \u00e0 chaque station sont calcul\u00e9s suite au travaux faire avec TUNDATA\n<ul>\n<li>Avec identifications des cordonn\u00e9es GPS et g\u00e9o-r\u00e9f\u00e9rencement<\/li>\n<li>Utilisation des Google API<\/li>\n<\/ul>\n<\/li>\n<li>Pour plus d\u2019information consulter\u00a0: <a href=\"https:\/\/www.ilededjerba.tn\/cest-a-quelle-heure-le-prochain-bus-a-djerba\/\">https:\/\/www.ilededjerba.tn\/cest-a-quelle-heure-le-prochain-bus-a-djerba\/<\/a><\/li>\n<\/ul>\n","protected":false},"excerpt":{"rendered":"<p>R\u00e9seau du transport de l&#8217;Ile de Djerba sur Google My Map. LIGNE N\u00b0 10 \u0631\u0642\u0645 \u0627\u0644\u062e\u0637 : Houmet Souk &#8211; \u062d\u0648\u0645\u0629 \u0627\u0644\u0633\u0648\u0642 \u00a0 Elmay\u00a0 &#8211; \u0627\u0644\u0645\u0627\u064a &#8212;&gt; Mahboubine\u00a0 &#8211; \u0627\u0644\u0645\u062d\u0628\u0648\u0628\u064a\u064a\u0646 idoun\u00a0 &#8211; \u0645\u064a\u062f\u0648\u0646 Aguir\u00a0 &#8211; \u0623\u063a\u064a\u0631 Jerba La fid\u00e8le\u00a0 &#8211; \u062c\u0631\u0628\u0629 \u0627\u0644\u0648\u0641\u064a LIGNE N\u00b0 11\u00a0\u00a0 \u0631\u0642\u0645 \u0627\u0644\u062e\u0637 : Houmet Souk &#8211; \u062d\u0648\u0645\u0629 \u0627\u0644\u0633\u0648\u0642 \u00a0 Tanit [&hellip;]<\/p>\n","protected":false},"author":1,"featured_media":0,"parent":5075,"menu_order":0,"comment_status":"closed","ping_status":"closed","template":"","meta":{"nf_dc_page":"","om_disable_all_campaigns":false,"jetpack_post_was_ever_published":false,"footnotes":""},"class_list":["post-5093","page","type-page","status-publish","hentry"],"translation":{"provider":"WPGlobus","version":"3.0.2","language":"ar","enabled_languages":["fr","ar"],"languages":{"fr":{"title":true,"content":true,"excerpt":false},"ar":{"title":false,"content":false,"excerpt":false}}},"jetpack_sharing_enabled":true,"jetpack_shortlink":"https:\/\/wp.me\/P8s367-1k9","_links":{"self":[{"href":"https:\/\/www.ilededjerba.tn\/ar\/wp-json\/wp\/v2\/pages\/5093","targetHints":{"allow":["GET"]}}],"collection":[{"href":"https:\/\/www.ilededjerba.tn\/ar\/wp-json\/wp\/v2\/pages"}],"about":[{"href":"https:\/\/www.ilededjerba.tn\/ar\/wp-json\/wp\/v2\/types\/page"}],"author":[{"embeddable":true,"href":"https:\/\/www.ilededjerba.tn\/ar\/wp-json\/wp\/v2\/users\/1"}],"replies":[{"embeddable":true,"href":"https:\/\/www.ilededjerba.tn\/ar\/wp-json\/wp\/v2\/comments?post=5093"}],"version-history":[{"count":25,"href":"https:\/\/www.ilededjerba.tn\/ar\/wp-json\/wp\/v2\/pages\/5093\/revisions"}],"predecessor-version":[{"id":5266,"href":"https:\/\/www.ilededjerba.tn\/ar\/wp-json\/wp\/v2\/pages\/5093\/revisions\/5266"}],"up":[{"embeddable":true,"href":"https:\/\/www.ilededjerba.tn\/ar\/wp-json\/wp\/v2\/pages\/5075"}],"wp:attachment":[{"href":"https:\/\/www.ilededjerba.tn\/ar\/wp-json\/wp\/v2\/media?parent=5093"}],"curies":[{"name":"wp","href":"https:\/\/api.w.org\/{rel}","templated":true}]}}