{"id":5089,"date":"2017-03-12T12:43:43","date_gmt":"2017-03-12T12:43:43","guid":{"rendered":"https:\/\/www.ilededjerba.tn\/?page_id=5089"},"modified":"2022-04-06T10:46:37","modified_gmt":"2022-04-06T10:46:37","slug":"en-train-bus-louage","status":"publish","type":"page","link":"https:\/\/www.ilededjerba.tn\/ar\/vie-pratique-services\/deplacements\/venir-a-djerba\/en-train-bus-louage\/","title":{"rendered":"En train\/bus\/louage"},"content":{"rendered":"<h2><\/h2>\n<h1>Les Bus<\/h1>\n<h2>Les lignes r\u00e9gionales par SRT Medenine&nbsp;:<\/h2>\n<p>La soci\u00e9t\u00e9 r\u00e9gionale de transport de Medenine : SRT Medenine&nbsp;assure la liaison entre Djerba et d&#8217;autres gouvernorats du pays par le biais de lignes quotidiennes r\u00e9guli\u00e8res.<\/p>\n<p><a href=\"http:\/\/www.srtm.tn\/\">http:\/\/www.srtm.tn\/<\/a><\/p>\n<ul>\n<li>\n<h3>les lignes directes :<\/h3>\n<div id=\"attachment_5214\" style=\"width: 538px\" class=\"wp-caption aligncenter\"><img data-recalc-dims=\"1\" decoding=\"async\" aria-describedby=\"caption-attachment-5214\" loading=\"lazy\" class=\"wp-image-5214 size-full\" src=\"https:\/\/i0.wp.com\/www.ilededjerba.tn\/wp-content\/uploads\/Horaire_Bus_Reg_djerba_directs-1.png?resize=528%2C460&#038;ssl=1\" alt=\"\" width=\"528\" height=\"460\" srcset=\"https:\/\/i0.wp.com\/www.ilededjerba.tn\/wp-content\/uploads\/Horaire_Bus_Reg_djerba_directs-1.png?w=528&amp;ssl=1 528w, https:\/\/i0.wp.com\/www.ilededjerba.tn\/wp-content\/uploads\/Horaire_Bus_Reg_djerba_directs-1.png?resize=300%2C261&amp;ssl=1 300w\" sizes=\"auto, (max-width: 528px) 100vw, 528px\" \/><p id=\"caption-attachment-5214\" class=\"wp-caption-text\">Les lignes directes vers Djerba par SRT M\u00e9denine<\/p><\/div>\n<p><img data-recalc-dims=\"1\" decoding=\"async\" loading=\"lazy\" class=\"size-full wp-image-5201 aligncenter\" src=\"https:\/\/i0.wp.com\/www.ilededjerba.tn\/wp-content\/uploads\/bus_str_medenine.png?resize=293%2C148&#038;ssl=1\" alt=\"\" width=\"293\" height=\"148\"><\/li>\n<li>\n<h2>les lignes indirectes :<\/h2>\n<div id=\"attachment_5194\" style=\"width: 622px\" class=\"wp-caption aligncenter\"><img data-recalc-dims=\"1\" decoding=\"async\" aria-describedby=\"caption-attachment-5194\" loading=\"lazy\" class=\"wp-image-5194 size-full\" src=\"https:\/\/i0.wp.com\/www.ilededjerba.tn\/wp-content\/uploads\/Horaire_Bus_Reg_djerba_indirects.png?resize=612%2C300&#038;ssl=1\" alt=\"\" width=\"612\" height=\"300\" srcset=\"https:\/\/i0.wp.com\/www.ilededjerba.tn\/wp-content\/uploads\/Horaire_Bus_Reg_djerba_indirects.png?w=612&amp;ssl=1 612w, https:\/\/i0.wp.com\/www.ilededjerba.tn\/wp-content\/uploads\/Horaire_Bus_Reg_djerba_indirects.png?resize=300%2C147&amp;ssl=1 300w\" sizes=\"auto, (max-width: 612px) 100vw, 612px\" \/><p id=\"caption-attachment-5194\" class=\"wp-caption-text\">Les lignes indirectes vers Djerba par SRT M\u00e9denine<\/p><\/div>\n<p>&nbsp;<\/li>\n<\/ul>\n<h2>Les lignes De\/vers Djerba la capitale Tunis:<\/h2>\n<ul>\n<li>\n<h3>Soci\u00e9t\u00e9 Nationale de Transport Interurbain SNTRI<\/h3>\n<p>Plac\u00e9e sous la tutelle du Minist\u00e8re du Transport, la Soci\u00e9t\u00e9 Nationale de Transport Interurbain est une entreprise publique : elle est une entreprise publique qui travaille sur les op\u00e9rations de transport routier national et international de voyageurs en zones interurbaines.<\/p>\n<p><a href=\"http:\/\/www.sntri.com.tn\/\">http:\/\/www.sntri.com.tn\/<\/a><\/p>\n<p><img data-recalc-dims=\"1\" decoding=\"async\" loading=\"lazy\" class=\"size-full wp-image-5202 aligncenter\" src=\"https:\/\/i0.wp.com\/www.ilededjerba.tn\/wp-content\/uploads\/bus_sntri.png?resize=299%2C115&#038;ssl=1\" alt=\"\" width=\"299\" height=\"115\"><\/li>\n<\/ul>\n<div id=\"attachment_5196\" style=\"width: 471px\" class=\"wp-caption aligncenter\"><img data-recalc-dims=\"1\" decoding=\"async\" aria-describedby=\"caption-attachment-5196\" loading=\"lazy\" class=\"wp-image-5196 size-full\" src=\"https:\/\/i0.wp.com\/www.ilededjerba.tn\/wp-content\/uploads\/SNTRI.png?resize=461%2C470&#038;ssl=1\" alt=\"\" width=\"461\" height=\"470\" srcset=\"https:\/\/i0.wp.com\/www.ilededjerba.tn\/wp-content\/uploads\/SNTRI.png?w=461&amp;ssl=1 461w, https:\/\/i0.wp.com\/www.ilededjerba.tn\/wp-content\/uploads\/SNTRI.png?resize=294%2C300&amp;ssl=1 294w\" sizes=\"auto, (max-width: 461px) 100vw, 461px\" \/><p id=\"caption-attachment-5196\" class=\"wp-caption-text\">Les lignes directes vers\/de Djerba Tunis par SNTRI<\/p><\/div>\n<p style=\"padding-left: 30px;\">*vers la gare routi\u00e8re de BAB ALIOUA Tunis<\/p>\n<ul>\n<li style=\"padding-left: 30px;\">\n<h3>La soci\u00e9t\u00e9 de transport confortable interurbain STCI :<\/h3>\n<\/li>\n<\/ul>\n<p style=\"padding-left: 30px;\">Elle a \u00e9t\u00e9 cr\u00e9e au d\u00e9but de 2004 dans le cadre de la privatisation du transport public interurbain. Cette cr\u00e9ation a \u00e9t\u00e9 faite par le biais d\u2019une convention de partenariat avec le transporteur national la SNTRI moyennant une redevance.<\/p>\n<p style=\"padding-left: 30px;\">&nbsp;<a href=\"http:\/\/www.stci.tn\/\">http:\/\/www.stci.tn\/<\/a><\/p>\n<p style=\"padding-left: 30px;\"><img data-recalc-dims=\"1\" decoding=\"async\" loading=\"lazy\" class=\"size-medium wp-image-5203 aligncenter\" src=\"https:\/\/i0.wp.com\/www.ilededjerba.tn\/wp-content\/uploads\/bus_stci-300x102.png?resize=300%2C102&#038;ssl=1\" alt=\"\" width=\"300\" height=\"102\" srcset=\"https:\/\/i0.wp.com\/www.ilededjerba.tn\/wp-content\/uploads\/bus_stci.png?resize=300%2C102&amp;ssl=1 300w, https:\/\/i0.wp.com\/www.ilededjerba.tn\/wp-content\/uploads\/bus_stci.png?w=301&amp;ssl=1 301w\" sizes=\"auto, (max-width: 300px) 100vw, 300px\" \/><\/p>\n<div id=\"attachment_5198\" style=\"width: 351px\" class=\"wp-caption aligncenter\"><img data-recalc-dims=\"1\" decoding=\"async\" aria-describedby=\"caption-attachment-5198\" loading=\"lazy\" class=\"wp-image-5198 size-full\" src=\"https:\/\/i0.wp.com\/www.ilededjerba.tn\/wp-content\/uploads\/stci.png?resize=341%2C300&#038;ssl=1\" alt=\"\" width=\"341\" height=\"300\" srcset=\"https:\/\/i0.wp.com\/www.ilededjerba.tn\/wp-content\/uploads\/stci.png?w=341&amp;ssl=1 341w, https:\/\/i0.wp.com\/www.ilededjerba.tn\/wp-content\/uploads\/stci.png?resize=300%2C264&amp;ssl=1 300w\" sizes=\"auto, (max-width: 341px) 100vw, 341px\" \/><p id=\"caption-attachment-5198\" class=\"wp-caption-text\">Les lignes directes vers\/de Djerba Tunis par STCI<\/p><\/div>\n<p style=\"padding-left: 30px;\">*vers la gare routi\u00e8re de BAB ALIOUA Tunis<\/p>\n<h1 style=\"padding-left: 30px;\">Liaison Rail-route (Train-Bus)<\/h1>\n<h2 style=\"padding-left: 30px;\">La Soci\u00e9t\u00e9 Nationale des Chemins de Fer Tunisiens SNCFT<\/h2>\n<p>Elle est une entreprise publique \u00e0 caract\u00e8re non administratif. Elle est dot\u00e9e de la personnalit\u00e9 civile et de l&#8217;autonomie financi\u00e8re.Elle est r\u00e9put\u00e9e commer\u00e7ante dans ses relations avec les tiers est plac\u00e9e sous la tutelle du minist\u00e8re du Transport.&nbsp;Une de ces prestations rail-route permettant de desservir Djerba via l&#8217;axe ferroviaire principal Tunis-Sousse-Sfax- Gab\u00e8s &nbsp;:&nbsp;Liaison Train \u2013bus : Tunis-Gab\u00e8s- Ile de Jerba = 8h: 10mn<\/p>\n<p><a href=\"http:\/\/www.sncft.com.tn\/\">http:\/\/www.sncft.com.tn\/<\/a><\/p>\n<p><img data-recalc-dims=\"1\" decoding=\"async\" loading=\"lazy\" class=\"size-medium wp-image-5207 aligncenter\" src=\"https:\/\/i0.wp.com\/www.ilededjerba.tn\/wp-content\/uploads\/bus_train-300x141.png?resize=300%2C141&#038;ssl=1\" alt=\"\" width=\"300\" height=\"141\" srcset=\"https:\/\/i0.wp.com\/www.ilededjerba.tn\/wp-content\/uploads\/bus_train.png?resize=300%2C141&amp;ssl=1 300w, https:\/\/i0.wp.com\/www.ilededjerba.tn\/wp-content\/uploads\/bus_train.png?w=302&amp;ssl=1 302w\" sizes=\"auto, (max-width: 300px) 100vw, 300px\" \/><br \/>\n<script async=\"\" src=\"https:\/\/pagead2.googlesyndication.com\/pagead\/js\/adsbygoogle.js?client=ca-pub-1104425329501734\" crossorigin=\"anonymous\"><\/script><\/p>\n<div id=\"attachment_5208\" style=\"width: 322px\" class=\"wp-caption aligncenter\"><img data-recalc-dims=\"1\" decoding=\"async\" aria-describedby=\"caption-attachment-5208\" loading=\"lazy\" class=\"wp-image-5208 size-full\" src=\"https:\/\/i0.wp.com\/www.ilededjerba.tn\/wp-content\/uploads\/Horaire_Bus_train.png?resize=312%2C292&#038;ssl=1\" alt=\"\" width=\"312\" height=\"292\" srcset=\"https:\/\/i0.wp.com\/www.ilededjerba.tn\/wp-content\/uploads\/Horaire_Bus_train.png?w=312&amp;ssl=1 312w, https:\/\/i0.wp.com\/www.ilededjerba.tn\/wp-content\/uploads\/Horaire_Bus_train.png?resize=300%2C281&amp;ssl=1 300w\" sizes=\"auto, (max-width: 312px) 100vw, 312px\" \/><p id=\"caption-attachment-5208\" class=\"wp-caption-text\">Liaison Rail-route (Train-Bus) Djerba &#8211; Tunis<\/p><\/div>\n","protected":false},"excerpt":{"rendered":"<p>Les Bus Les lignes r\u00e9gionales par SRT Medenine&nbsp;: La soci\u00e9t\u00e9 r\u00e9gionale de transport de Medenine : SRT Medenine&nbsp;assure la liaison entre Djerba et d&#8217;autres gouvernorats du pays par le biais de lignes quotidiennes r\u00e9guli\u00e8res. http:\/\/www.srtm.tn\/ les lignes directes : les lignes indirectes : &nbsp; Les lignes De\/vers Djerba la capitale Tunis: Soci\u00e9t\u00e9 Nationale de Transport [&hellip;]<\/p>\n","protected":false},"author":1,"featured_media":0,"parent":5085,"menu_order":0,"comment_status":"open","ping_status":"closed","template":"","meta":{"nf_dc_page":"","om_disable_all_campaigns":false,"jetpack_post_was_ever_published":false,"footnotes":""},"class_list":["post-5089","page","type-page","status-publish","hentry"],"translation":{"provider":"WPGlobus","version":"3.0.2","language":"ar","enabled_languages":["fr","ar"],"languages":{"fr":{"title":true,"content":true,"excerpt":false},"ar":{"title":false,"content":false,"excerpt":false}}},"jetpack_sharing_enabled":true,"jetpack_shortlink":"https:\/\/wp.me\/P8s367-1k5","_links":{"self":[{"href":"https:\/\/www.ilededjerba.tn\/ar\/wp-json\/wp\/v2\/pages\/5089","targetHints":{"allow":["GET"]}}],"collection":[{"href":"https:\/\/www.ilededjerba.tn\/ar\/wp-json\/wp\/v2\/pages"}],"about":[{"href":"https:\/\/www.ilededjerba.tn\/ar\/wp-json\/wp\/v2\/types\/page"}],"author":[{"embeddable":true,"href":"https:\/\/www.ilededjerba.tn\/ar\/wp-json\/wp\/v2\/users\/1"}],"replies":[{"embeddable":true,"href":"https:\/\/www.ilededjerba.tn\/ar\/wp-json\/wp\/v2\/comments?post=5089"}],"version-history":[{"count":14,"href":"https:\/\/www.ilededjerba.tn\/ar\/wp-json\/wp\/v2\/pages\/5089\/revisions"}],"predecessor-version":[{"id":5836,"href":"https:\/\/www.ilededjerba.tn\/ar\/wp-json\/wp\/v2\/pages\/5089\/revisions\/5836"}],"up":[{"embeddable":true,"href":"https:\/\/www.ilededjerba.tn\/ar\/wp-json\/wp\/v2\/pages\/5085"}],"wp:attachment":[{"href":"https:\/\/www.ilededjerba.tn\/ar\/wp-json\/wp\/v2\/media?parent=5089"}],"curies":[{"name":"wp","href":"https:\/\/api.w.org\/{rel}","templated":true}]}}