{"id":3226,"date":"2015-06-22T12:39:46","date_gmt":"2015-06-22T12:39:46","guid":{"rendered":"https:\/\/www.ilededjerba.tn\/?page_id=3226"},"modified":"2017-03-03T18:37:56","modified_gmt":"2017-03-03T18:37:56","slug":"home-v4-2","status":"publish","type":"page","link":"https:\/\/www.ilededjerba.tn\/ar\/mon-ile\/home-v4-2\/","title":{"rendered":"Acceuil: Pr\u00e9sentation de l&#8217;\u00eele de Djerba"},"content":{"rendered":"<p>Djerba, parfois orthographi\u00e9e Jerba (arabe : \u062c\u0631\u0628\u0629), est une \u00eele de 514 km2 (25 kilom\u00e8tres sur 20 et 150 kilom\u00e8tres de c\u00f4tes) situ\u00e9e au sud-est du golfe de Gab\u00e8s et barrant l\u2019entr\u00e9e du golfe de Boughrara, au sud-est de la Tunisie. C\u2019est la plus grande \u00eele des c\u00f4tes d\u2019Afrique du Nord. Sa principale ville, Houmt Souk, rassemble \u00e0 elle seule 42 992 des 163 726 Djerbiens1.<br \/>\nL\u2019\u00eele est reli\u00e9e au continent, au sud-ouest par un bac qui conduit d\u2019Ajim \u00e0 Jorf et au sud-est par une voie de sept kilom\u00e8tres, dont la premi\u00e8re construction remonterait \u00e0 la fin du IIIe si\u00e8cle av. J.-C., entre la localit\u00e9 d\u2019El Kantara et la p\u00e9ninsule de Zarzis.<\/p>\n<p>Ulysse l\u2019aurait travers\u00e9e, les Carthaginois y fond\u00e8rent plusieurs comptoirs, les Romains y construisirent plusieurs villes et y d\u00e9velopp\u00e8rent l\u2019agriculture et le commerce portuaire. Pass\u00e9e successivement sous domination vandale, byzantine puis arabe, Djerba est devenue depuis les ann\u00e9es 1960 une destination touristique populaire.<\/p>\n<p>Elle demeure marqu\u00e9e \u00e0 la fois par la persistance de l\u2019un des derniers parlers berb\u00e8res tunisiens, l\u2019adh\u00e9sion \u00e0 l\u2019ibadisme d\u2019une partie de sa population musulmane et la pr\u00e9sence d\u2019une communaut\u00e9 juive dont la tradition fait remonter la venue \u00e0 la destruction du Temple de Salomon. (Wiki)<\/p>\n","protected":false},"excerpt":{"rendered":"<p>Djerba, parfois orthographi\u00e9e Jerba (arabe : \u062c\u0631\u0628\u0629), est une \u00eele de 514 km2 (25 kilom\u00e8tres sur 20 et 150 kilom\u00e8tres de c\u00f4tes) situ\u00e9e au sud-est du golfe de Gab\u00e8s et barrant l\u2019entr\u00e9e du golfe de Boughrara, au sud-est de la Tunisie. C\u2019est la plus grande \u00eele des c\u00f4tes d\u2019Afrique du Nord. Sa principale ville, Houmt [&hellip;]<\/p>\n","protected":false},"author":1,"featured_media":0,"parent":86,"menu_order":0,"comment_status":"closed","ping_status":"open","template":"","meta":{"nf_dc_page":"","om_disable_all_campaigns":false,"jetpack_post_was_ever_published":false,"footnotes":""},"class_list":["post-3226","page","type-page","status-publish","hentry"],"translation":{"provider":"WPGlobus","version":"3.0.2","language":"ar","enabled_languages":["fr","ar"],"languages":{"fr":{"title":true,"content":true,"excerpt":false},"ar":{"title":false,"content":false,"excerpt":false}}},"jetpack_sharing_enabled":true,"jetpack_shortlink":"https:\/\/wp.me\/P8s367-Q2","_links":{"self":[{"href":"https:\/\/www.ilededjerba.tn\/ar\/wp-json\/wp\/v2\/pages\/3226","targetHints":{"allow":["GET"]}}],"collection":[{"href":"https:\/\/www.ilededjerba.tn\/ar\/wp-json\/wp\/v2\/pages"}],"about":[{"href":"https:\/\/www.ilededjerba.tn\/ar\/wp-json\/wp\/v2\/types\/page"}],"author":[{"embeddable":true,"href":"https:\/\/www.ilededjerba.tn\/ar\/wp-json\/wp\/v2\/users\/1"}],"replies":[{"embeddable":true,"href":"https:\/\/www.ilededjerba.tn\/ar\/wp-json\/wp\/v2\/comments?post=3226"}],"version-history":[{"count":3,"href":"https:\/\/www.ilededjerba.tn\/ar\/wp-json\/wp\/v2\/pages\/3226\/revisions"}],"predecessor-version":[{"id":4867,"href":"https:\/\/www.ilededjerba.tn\/ar\/wp-json\/wp\/v2\/pages\/3226\/revisions\/4867"}],"up":[{"embeddable":true,"href":"https:\/\/www.ilededjerba.tn\/ar\/wp-json\/wp\/v2\/pages\/86"}],"wp:attachment":[{"href":"https:\/\/www.ilededjerba.tn\/ar\/wp-json\/wp\/v2\/media?parent=3226"}],"curies":[{"name":"wp","href":"https:\/\/api.w.org\/{rel}","templated":true}]}}